{"id":3726,"date":"2024-08-15T15:50:45","date_gmt":"2024-08-15T10:50:45","guid":{"rendered":"https:\/\/creativedesignsrealm.com\/guinot\/?post_type=product&#038;p=3726"},"modified":"2026-04-04T20:06:24","modified_gmt":"2026-04-04T15:06:24","slug":"longue-vie-decollete-serum","status":"publish","type":"product","link":"https:\/\/creativedesignsrealm.com\/guinot\/product\/longue-vie-decollete-serum\/","title":{"rendered":"Longue Vie D\u00e9collet\u00e9 Serum"},"content":{"rendered":"<div class=\"ingredients-block__content\">\n<div class=\"ingredients-block__content__center\">\n<div style=\"text-align: center;\">\n<div class=\"ingredients-block__content\">\n<div class=\"ingredients-block__content__center\">\n<div style=\"text-align: left;\">\n<h3 class=\"center text-brand\" style=\"text-align: center;\"><span style=\"color: #b50638;\">Key ingredients &#8211; Longue Vie D\u00e9collet\u00e9 Serum<\/span><\/h3>\n<p class=\"center\" style=\"text-align: center;\">\n<\/div>\n<div class=\"ingredients-block__content\">\n<div class=\"ingredients-block__content__center\">\n<div class=\"ingredients-block__content__left\">\n<div class=\"ingredients-block__content__left\">\n<div style=\"text-align: left;\">\n<div class=\"ingredients-block__content__right\">\n<div class=\"ingredients-block__content__left\">\n<div><strong style=\"color: #b50638;\">Cr\u00e9lastine<\/strong><\/div>\n<div>\n<p>Smooths the skin and fills dehydration lines. Helps restore firmness by synthesising elastic fibres which strengthen the skin\u2019s support tissues.<\/p>\n<p><span style=\"color: #b50638;\"><strong>56 Cellular Ingredients<\/strong><\/span><\/p>\n<p>Essential to the activity and longevity of cells, they help regenerate the skin.<\/p>\n<\/div>\n<\/div>\n<\/div>\n<\/div>\n<\/div>\n<div>\n<h2 style=\"text-align: center;\"><span style=\"color: #b50638;\">\u2192<\/span><a style=\"text-align: center;\" href=\"https:\/\/formule.guinot.com\/fr\/guinot?title=Serum+Longue+Vie+Decollete&amp;mustornot=true&amp;search=\" target=\"_blank\" rel=\"noopener\">See the list of ingredients<\/a><\/h2>\n<\/div>\n<\/div>\n<\/div>\n<\/div>\n<div style=\"text-align: left;\">\n<p class=\"text-brand\"><span style=\"color: #b50638;\"><strong>Use advice:<\/strong><br \/>\n<\/span><\/p>\n<div class=\"wrapper-s\">\n<div class=\"advice-notice__text\">\n<div class=\"advice-notice blocks bg\">\n<div class=\"wrapper-s\">\n<div class=\"advice-notice__text\">\n<div class=\"advice-notice blocks bg\">\n<div class=\"wrapper-s\">\n<div class=\"advice-notice__text\">\n<div class=\"advice-notice blocks bg\">\n<div class=\"wrapper-s\">\n<div class=\"advice-notice__text\">\n<div class=\"advice-notice blocks bg\">\n<div class=\"wrapper-s\">\n<div class=\"advice-notice__text\">\n<div class=\"advice-notice blocks bg\">\n<div class=\"wrapper-s\">\n<div class=\"advice-notice__text\">\n<div class=\"advice-notice blocks bg\">\n<div class=\"wrapper-s\">\n<div class=\"advice-notice__text\">\n<div class=\"advice-notice blocks bg\">\n<div class=\"wrapper-s\">\n<div class=\"advice-notice__text\">\n<div class=\"advice-notice blocks bg\">\n<div class=\"wrapper-s\">\n<div class=\"advice-notice__text\">\n<div class=\"advice-notice blocks bg\">\n<div class=\"wrapper-s\">\n<div class=\"advice-notice__text\">\n<div class=\"advice-notice blocks bg\">\n<div class=\"wrapper-s\">\n<div class=\"advice-notice__text\">\n<div class=\"advice-notice blocks bg\">\n<div class=\"wrapper-s\">\n<div class=\"advice-notice__text\">\n<div class=\"advice-notice blocks bg\">\n<div class=\"wrapper-s\">\n<div class=\"advice-notice__text\">\n<div class=\"advice-notice blocks bg\">\n<div class=\"wrapper-s\">\n<div class=\"advice-notice__text\">\n<div class=\"advice-notice blocks bg\">\n<div class=\"wrapper-s\">\n<div class=\"advice-notice__text\">\n<div class=\"advice-notice blocks bg\">\n<div class=\"wrapper-s\">\n<div class=\"advice-notice__text\">\n<div class=\"advice-notice blocks bg\">\n<div class=\"wrapper-s\">\n<div class=\"advice-notice__text\">\n<div class=\"advice-notice blocks bg\">\n<div class=\"wrapper-s\">\n<div class=\"advice-notice__text\">\n<div class=\"advice-notice blocks bg\">\n<div class=\"wrapper-s\">\n<div class=\"advice-notice blocks bg\">\n<div class=\"wrapper-s\">\n<div class=\"advice-notice__text\">\n<p>Apply daily morning and\/or evening to the entire d\u00e9collet\u00e9.<\/p>\n<\/div>\n<\/div>\n<\/div>\n<div class=\"advice bg-marble\">\n<div>\n<div class=\"wrapper-s advice__content box-shadow\">\n<p class=\"text-brand\"><strong><span style=\"color: #b50638;\">Expert advice<\/span><\/strong><\/p>\n<\/div>\n<\/div>\n<\/div>\n<div class=\"products-slider bg-brand\">\n<div class=\"wrapper products-slider__content\">\n<div class=\"products-slider__text\">\n<div class=\"advice bg-marble\">\n<div>\n<div class=\"wrapper-s advice__content box-shadow\">\n<p data-sider-select-id=\"4a8195be-3b74-4c2d-a8cf-c0c505cea6f6\">Gently exfoliate your skin once or twice a week to improve the absorption and effectiveness of active ingredients.<\/p>\n<p data-sider-select-id=\"4a8195be-3b74-4c2d-a8cf-c0c505cea6f6\">Protect your d\u00e9collet\u00e9 from UV rays using a sun protection product with a high SPF and anti-ageing effects.<\/p>\n<\/div>\n<\/div>\n<\/div>\n<\/div>\n<\/div>\n<\/div>\n<\/div>\n<\/div>\n<\/div>\n<\/div>\n<\/div>\n<\/div>\n<\/div>\n<\/div>\n<\/div>\n<\/div>\n<\/div>\n<\/div>\n<\/div>\n<\/div>\n<\/div>\n<\/div>\n<\/div>\n<\/div>\n<\/div>\n<\/div>\n<\/div>\n<\/div>\n<\/div>\n<\/div>\n<\/div>\n<\/div>\n<\/div>\n<\/div>\n<\/div>\n<\/div>\n<\/div>\n<\/div>\n<\/div>\n<\/div>\n<\/div>\n<\/div>\n<\/div>\n<\/div>\n<\/div>\n<\/div>\n<\/div>\n<\/div>\n<\/div>\n<\/div>\n<\/div>\n<\/div>\n<\/div>\n<\/div>\n<\/div>\n<\/div>\n<\/div>\n<\/div>\n<\/div>\n<\/div>\n<\/div>\n<\/div>\n<\/div>\n<\/div>\n<\/div>\n<\/div>\n<\/div>\n","protected":false},"excerpt":{"rendered":"<p><strong>Smoothing and Firming Youth Serum \u2013 D\u00e9collet\u00e9<\/strong><\/p>\n<ul>\n<li>50ml Tube<\/li>\n<\/ul>\n<p>Highly concentrated in youth-active ingredients, this serum smooths and firms the skin in the d\u00e9collet\u00e9.<\/p>\n<p>Day after day, the skin becomes firmer, the wrinkles are reduced, and the d\u00e9collet\u00e9 appears more youthful.<\/p>\n<p>Compared to the face, the d\u00e9collet\u00e9 is often neglected in terms of skincare.<\/p>\n<p>Because the skin in the d\u00e9collet\u00e9 is thinner than that on the face, this is an area of concern that is susceptible to signs of ageing.<\/p>\n<p>The serum texture is indicated as it is absorbed rapidly and deeply.<\/p>\n<p>HELPS:<\/p>\n<p>&#8211; Smooth the skin and fill dehydration lines.<\/p>\n<p>&#8211; Restore firmness by synthesising elastic fibres which strengthen the skin\u2019s support tissues.<\/p>\n<p>&#8211; Regenerate the skin due to 56 cellular ingredients essential to cell activity and longevity.<\/p>\n<p><strong>Target zone: <\/strong>Body<\/p>\n<p><strong>Skin Type: <\/strong>All types,\u00a0Normal skin<\/p>\n<p><strong>Texture: <\/strong>Serum<\/p>\n","protected":false},"featured_media":3727,"comment_status":"open","ping_status":"closed","template":"","meta":{"_eb_attr":"","_uag_custom_page_level_css":""},"product_brand":[],"product_cat":[251],"product_tag":[246,76,78,80,77,252],"class_list":{"0":"post-3726","1":"product","2":"type-product","3":"status-publish","4":"has-post-thumbnail","6":"product_cat-youth-body-care","7":"product_tag-body-care-product","8":"product_tag-guinot-pakistan","9":"product_tag-guinot-product-in-pakistan","10":"product_tag-guinot-shaheed-millat","11":"product_tag-guinot-skin-care-product","12":"product_tag-youth-body-care","14":"first","15":"instock","16":"taxable","17":"shipping-taxable","18":"purchasable","19":"product-type-simple"},"yoast_head":"<!-- This site is optimized with the Yoast SEO plugin v27.2 - https:\/\/yoast.com\/product\/yoast-seo-wordpress\/ -->\n<title>Longue Vie D\u00e9collet\u00e9 Serum- Smoothing and Firming Youth Serum - GUINOT Shaheed e Millat Karachi<\/title>\n<meta name=\"description\" content=\"Longue Vie D\u00e9collet\u00e9 Serum Highly concentrated in youth-active ingredients, smooths and firms the skin in the d\u00e9collet\u00e9.- GUINOT Shaheed e Millat Karachi\" \/>\n<meta name=\"robots\" content=\"index, follow, max-snippet:-1, max-image-preview:large, max-video-preview:-1\" \/>\n<link rel=\"canonical\" href=\"https:\/\/creativedesignsrealm.com\/guinot\/product\/longue-vie-decollete-serum\/\" \/>\n<meta property=\"og:locale\" content=\"en_US\" \/>\n<meta property=\"og:type\" content=\"article\" \/>\n<meta property=\"og:title\" content=\"Longue Vie D\u00e9collet\u00e9 Serum- Smoothing and Firming Youth Serum - GUINOT Shaheed e Millat Karachi\" \/>\n<meta property=\"og:description\" content=\"Longue Vie D\u00e9collet\u00e9 Serum Highly concentrated in youth-active ingredients, smooths and firms the skin in the d\u00e9collet\u00e9.- GUINOT Shaheed e Millat Karachi\" \/>\n<meta property=\"og:url\" content=\"https:\/\/creativedesignsrealm.com\/guinot\/product\/longue-vie-decollete-serum\/\" \/>\n<meta property=\"og:site_name\" content=\"GUINOT Shaheed e Millat Karachi\" \/>\n<meta property=\"article:modified_time\" content=\"2026-04-04T15:06:24+00:00\" \/>\n<meta property=\"og:image\" content=\"http:\/\/creativedesignsrealm.com\/guinot\/wp-content\/uploads\/sites\/2\/2024\/08\/Longue-Vie-Decollete-Serum.png\" \/>\n\t<meta property=\"og:image:width\" content=\"600\" \/>\n\t<meta property=\"og:image:height\" content=\"600\" \/>\n\t<meta property=\"og:image:type\" content=\"image\/png\" \/>\n<meta name=\"twitter:card\" content=\"summary_large_image\" \/>\n<meta name=\"twitter:label1\" content=\"Est. reading time\" \/>\n\t<meta name=\"twitter:data1\" content=\"1 minute\" \/>\n<script type=\"application\/ld+json\" class=\"yoast-schema-graph\">{\"@context\":\"https:\/\/schema.org\",\"@graph\":[{\"@type\":\"WebPage\",\"@id\":\"https:\/\/creativedesignsrealm.com\/guinot\/product\/longue-vie-decollete-serum\/\",\"url\":\"https:\/\/creativedesignsrealm.com\/guinot\/product\/longue-vie-decollete-serum\/\",\"name\":\"Longue Vie D\u00e9collet\u00e9 Serum- Smoothing and Firming Youth Serum - GUINOT Shaheed e Millat Karachi\",\"isPartOf\":{\"@id\":\"https:\/\/creativedesignsrealm.com\/guinot\/#website\"},\"primaryImageOfPage\":{\"@id\":\"https:\/\/creativedesignsrealm.com\/guinot\/product\/longue-vie-decollete-serum\/#primaryimage\"},\"image\":{\"@id\":\"https:\/\/creativedesignsrealm.com\/guinot\/product\/longue-vie-decollete-serum\/#primaryimage\"},\"thumbnailUrl\":\"https:\/\/creativedesignsrealm.com\/guinot\/wp-content\/uploads\/sites\/2\/2024\/08\/Longue-Vie-Decollete-Serum.png\",\"datePublished\":\"2024-08-15T10:50:45+00:00\",\"dateModified\":\"2026-04-04T15:06:24+00:00\",\"description\":\"Longue Vie D\u00e9collet\u00e9 Serum Highly concentrated in youth-active ingredients, smooths and firms the skin in the d\u00e9collet\u00e9.- GUINOT Shaheed e Millat Karachi\",\"breadcrumb\":{\"@id\":\"https:\/\/creativedesignsrealm.com\/guinot\/product\/longue-vie-decollete-serum\/#breadcrumb\"},\"inLanguage\":\"en-US\",\"potentialAction\":[{\"@type\":\"ReadAction\",\"target\":[\"https:\/\/creativedesignsrealm.com\/guinot\/product\/longue-vie-decollete-serum\/\"]}]},{\"@type\":\"ImageObject\",\"inLanguage\":\"en-US\",\"@id\":\"https:\/\/creativedesignsrealm.com\/guinot\/product\/longue-vie-decollete-serum\/#primaryimage\",\"url\":\"https:\/\/creativedesignsrealm.com\/guinot\/wp-content\/uploads\/sites\/2\/2024\/08\/Longue-Vie-Decollete-Serum.png\",\"contentUrl\":\"https:\/\/creativedesignsrealm.com\/guinot\/wp-content\/uploads\/sites\/2\/2024\/08\/Longue-Vie-Decollete-Serum.png\",\"width\":600,\"height\":600,\"caption\":\"Longue Vie D\u00e9collet\u00e9 Serum\"},{\"@type\":\"BreadcrumbList\",\"@id\":\"https:\/\/creativedesignsrealm.com\/guinot\/product\/longue-vie-decollete-serum\/#breadcrumb\",\"itemListElement\":[{\"@type\":\"ListItem\",\"position\":1,\"name\":\"Home\",\"item\":\"https:\/\/creativedesignsrealm.com\/guinot\/\"},{\"@type\":\"ListItem\",\"position\":2,\"name\":\"Shop\",\"item\":\"https:\/\/creativedesignsrealm.com\/guinot\/shop-2\/\"},{\"@type\":\"ListItem\",\"position\":3,\"name\":\"Longue Vie D\u00e9collet\u00e9 Serum\"}]},{\"@type\":\"WebSite\",\"@id\":\"https:\/\/creativedesignsrealm.com\/guinot\/#website\",\"url\":\"https:\/\/creativedesignsrealm.com\/guinot\/\",\"name\":\"GUINOT Shaheed e Millat Karachi\",\"description\":\"No. 1 in Professional Beauty Salon Treatments - Official Website\",\"publisher\":{\"@id\":\"https:\/\/creativedesignsrealm.com\/guinot\/#organization\"},\"alternateName\":\"GUINOT\",\"potentialAction\":[{\"@type\":\"SearchAction\",\"target\":{\"@type\":\"EntryPoint\",\"urlTemplate\":\"https:\/\/creativedesignsrealm.com\/guinot\/?s={search_term_string}\"},\"query-input\":{\"@type\":\"PropertyValueSpecification\",\"valueRequired\":true,\"valueName\":\"search_term_string\"}}],\"inLanguage\":\"en-US\"},{\"@type\":\"Organization\",\"@id\":\"https:\/\/creativedesignsrealm.com\/guinot\/#organization\",\"name\":\"GUINOT Shaheed e Millat Karachi\",\"alternateName\":\"GUINOT institute Karachi\",\"url\":\"https:\/\/creativedesignsrealm.com\/guinot\/\",\"logo\":{\"@type\":\"ImageObject\",\"inLanguage\":\"en-US\",\"@id\":\"https:\/\/creativedesignsrealm.com\/guinot\/#\/schema\/logo\/image\/\",\"url\":\"https:\/\/creativedesignsrealm.com\/guinot\/wp-content\/uploads\/sites\/2\/2024\/02\/Guinot_Red.png\",\"contentUrl\":\"https:\/\/creativedesignsrealm.com\/guinot\/wp-content\/uploads\/sites\/2\/2024\/02\/Guinot_Red.png\",\"width\":455,\"height\":146,\"caption\":\"GUINOT Shaheed e Millat Karachi\"},\"image\":{\"@id\":\"https:\/\/creativedesignsrealm.com\/guinot\/#\/schema\/logo\/image\/\"},\"sameAs\":[\"https:\/\/www.instagram.com\/guinot_shaheedemillat_khi\",\"https:\/\/www.tiktok.com\/@guinot.shaheedemillat\",\"https:\/\/youtube.com\/@guinotshaheed-e-millat\"]}]}<\/script>\n<!-- \/ Yoast SEO plugin. -->","yoast_head_json":{"title":"Longue Vie D\u00e9collet\u00e9 Serum- Smoothing and Firming Youth Serum - GUINOT Shaheed e Millat Karachi","description":"Longue Vie D\u00e9collet\u00e9 Serum Highly concentrated in youth-active ingredients, smooths and firms the skin in the d\u00e9collet\u00e9.- GUINOT Shaheed e Millat Karachi","robots":{"index":"index","follow":"follow","max-snippet":"max-snippet:-1","max-image-preview":"max-image-preview:large","max-video-preview":"max-video-preview:-1"},"canonical":"https:\/\/creativedesignsrealm.com\/guinot\/product\/longue-vie-decollete-serum\/","og_locale":"en_US","og_type":"article","og_title":"Longue Vie D\u00e9collet\u00e9 Serum- Smoothing and Firming Youth Serum - GUINOT Shaheed e Millat Karachi","og_description":"Longue Vie D\u00e9collet\u00e9 Serum Highly concentrated in youth-active ingredients, smooths and firms the skin in the d\u00e9collet\u00e9.- GUINOT Shaheed e Millat Karachi","og_url":"https:\/\/creativedesignsrealm.com\/guinot\/product\/longue-vie-decollete-serum\/","og_site_name":"GUINOT Shaheed e Millat Karachi","article_modified_time":"2026-04-04T15:06:24+00:00","og_image":[{"width":600,"height":600,"url":"http:\/\/creativedesignsrealm.com\/guinot\/wp-content\/uploads\/sites\/2\/2024\/08\/Longue-Vie-Decollete-Serum.png","type":"image\/png"}],"twitter_card":"summary_large_image","twitter_misc":{"Est. reading time":"1 minute"},"schema":{"@context":"https:\/\/schema.org","@graph":[{"@type":"WebPage","@id":"https:\/\/creativedesignsrealm.com\/guinot\/product\/longue-vie-decollete-serum\/","url":"https:\/\/creativedesignsrealm.com\/guinot\/product\/longue-vie-decollete-serum\/","name":"Longue Vie D\u00e9collet\u00e9 Serum- Smoothing and Firming Youth Serum - GUINOT Shaheed e Millat Karachi","isPartOf":{"@id":"https:\/\/creativedesignsrealm.com\/guinot\/#website"},"primaryImageOfPage":{"@id":"https:\/\/creativedesignsrealm.com\/guinot\/product\/longue-vie-decollete-serum\/#primaryimage"},"image":{"@id":"https:\/\/creativedesignsrealm.com\/guinot\/product\/longue-vie-decollete-serum\/#primaryimage"},"thumbnailUrl":"https:\/\/creativedesignsrealm.com\/guinot\/wp-content\/uploads\/sites\/2\/2024\/08\/Longue-Vie-Decollete-Serum.png","datePublished":"2024-08-15T10:50:45+00:00","dateModified":"2026-04-04T15:06:24+00:00","description":"Longue Vie D\u00e9collet\u00e9 Serum Highly concentrated in youth-active ingredients, smooths and firms the skin in the d\u00e9collet\u00e9.- GUINOT Shaheed e Millat Karachi","breadcrumb":{"@id":"https:\/\/creativedesignsrealm.com\/guinot\/product\/longue-vie-decollete-serum\/#breadcrumb"},"inLanguage":"en-US","potentialAction":[{"@type":"ReadAction","target":["https:\/\/creativedesignsrealm.com\/guinot\/product\/longue-vie-decollete-serum\/"]}]},{"@type":"ImageObject","inLanguage":"en-US","@id":"https:\/\/creativedesignsrealm.com\/guinot\/product\/longue-vie-decollete-serum\/#primaryimage","url":"https:\/\/creativedesignsrealm.com\/guinot\/wp-content\/uploads\/sites\/2\/2024\/08\/Longue-Vie-Decollete-Serum.png","contentUrl":"https:\/\/creativedesignsrealm.com\/guinot\/wp-content\/uploads\/sites\/2\/2024\/08\/Longue-Vie-Decollete-Serum.png","width":600,"height":600,"caption":"Longue Vie D\u00e9collet\u00e9 Serum"},{"@type":"BreadcrumbList","@id":"https:\/\/creativedesignsrealm.com\/guinot\/product\/longue-vie-decollete-serum\/#breadcrumb","itemListElement":[{"@type":"ListItem","position":1,"name":"Home","item":"https:\/\/creativedesignsrealm.com\/guinot\/"},{"@type":"ListItem","position":2,"name":"Shop","item":"https:\/\/creativedesignsrealm.com\/guinot\/shop-2\/"},{"@type":"ListItem","position":3,"name":"Longue Vie D\u00e9collet\u00e9 Serum"}]},{"@type":"WebSite","@id":"https:\/\/creativedesignsrealm.com\/guinot\/#website","url":"https:\/\/creativedesignsrealm.com\/guinot\/","name":"GUINOT Shaheed e Millat Karachi","description":"No. 1 in Professional Beauty Salon Treatments - Official Website","publisher":{"@id":"https:\/\/creativedesignsrealm.com\/guinot\/#organization"},"alternateName":"GUINOT","potentialAction":[{"@type":"SearchAction","target":{"@type":"EntryPoint","urlTemplate":"https:\/\/creativedesignsrealm.com\/guinot\/?s={search_term_string}"},"query-input":{"@type":"PropertyValueSpecification","valueRequired":true,"valueName":"search_term_string"}}],"inLanguage":"en-US"},{"@type":"Organization","@id":"https:\/\/creativedesignsrealm.com\/guinot\/#organization","name":"GUINOT Shaheed e Millat Karachi","alternateName":"GUINOT institute Karachi","url":"https:\/\/creativedesignsrealm.com\/guinot\/","logo":{"@type":"ImageObject","inLanguage":"en-US","@id":"https:\/\/creativedesignsrealm.com\/guinot\/#\/schema\/logo\/image\/","url":"https:\/\/creativedesignsrealm.com\/guinot\/wp-content\/uploads\/sites\/2\/2024\/02\/Guinot_Red.png","contentUrl":"https:\/\/creativedesignsrealm.com\/guinot\/wp-content\/uploads\/sites\/2\/2024\/02\/Guinot_Red.png","width":455,"height":146,"caption":"GUINOT Shaheed e Millat Karachi"},"image":{"@id":"https:\/\/creativedesignsrealm.com\/guinot\/#\/schema\/logo\/image\/"},"sameAs":["https:\/\/www.instagram.com\/guinot_shaheedemillat_khi","https:\/\/www.tiktok.com\/@guinot.shaheedemillat","https:\/\/youtube.com\/@guinotshaheed-e-millat"]}]}},"uagb_featured_image_src":{"full":["https:\/\/creativedesignsrealm.com\/guinot\/wp-content\/uploads\/sites\/2\/2024\/08\/Longue-Vie-Decollete-Serum.png",600,600,false],"thumbnail":["https:\/\/creativedesignsrealm.com\/guinot\/wp-content\/uploads\/sites\/2\/2024\/08\/Longue-Vie-Decollete-Serum.png",150,150,false],"medium":["https:\/\/creativedesignsrealm.com\/guinot\/wp-content\/uploads\/sites\/2\/2024\/08\/Longue-Vie-Decollete-Serum.png",300,300,false],"medium_large":["https:\/\/creativedesignsrealm.com\/guinot\/wp-content\/uploads\/sites\/2\/2024\/08\/Longue-Vie-Decollete-Serum.png",600,600,false],"large":["https:\/\/creativedesignsrealm.com\/guinot\/wp-content\/uploads\/sites\/2\/2024\/08\/Longue-Vie-Decollete-Serum.png",600,600,false],"1536x1536":["https:\/\/creativedesignsrealm.com\/guinot\/wp-content\/uploads\/sites\/2\/2024\/08\/Longue-Vie-Decollete-Serum.png",600,600,false],"2048x2048":["https:\/\/creativedesignsrealm.com\/guinot\/wp-content\/uploads\/sites\/2\/2024\/08\/Longue-Vie-Decollete-Serum.png",600,600,false],"woocommerce_archive_thumbnail":["https:\/\/creativedesignsrealm.com\/guinot\/wp-content\/uploads\/sites\/2\/2024\/08\/Longue-Vie-Decollete-Serum.png",600,600,false],"woocommerce_thumbnail":["https:\/\/creativedesignsrealm.com\/guinot\/wp-content\/uploads\/sites\/2\/2024\/08\/Longue-Vie-Decollete-Serum.png",300,300,false],"woocommerce_single":["https:\/\/creativedesignsrealm.com\/guinot\/wp-content\/uploads\/sites\/2\/2024\/08\/Longue-Vie-Decollete-Serum.png",500,500,false],"woocommerce_gallery_thumbnail":["https:\/\/creativedesignsrealm.com\/guinot\/wp-content\/uploads\/sites\/2\/2024\/08\/Longue-Vie-Decollete-Serum.png",100,100,false]},"uagb_author_info":{"display_name":"Muhammad Saleem","author_link":"https:\/\/creativedesignsrealm.com\/guinot\/author\/"},"uagb_comment_info":0,"uagb_excerpt":"Smoothing and Firming Youth Serum \u2013 D\u00e9collet\u00e9 50ml Tube Highly concentrated in youth-active ingredients, this serum smooths and firms the skin in the d\u00e9collet\u00e9. Day after day, the skin becomes firmer, the wrinkles are reduced, and the d\u00e9collet\u00e9 appears more youthful. Compared to the face, the d\u00e9collet\u00e9 is often neglected in terms of skincare. Because&hellip;","_links":{"self":[{"href":"https:\/\/creativedesignsrealm.com\/guinot\/wp-json\/wp\/v2\/product\/3726","targetHints":{"allow":["GET"]}}],"collection":[{"href":"https:\/\/creativedesignsrealm.com\/guinot\/wp-json\/wp\/v2\/product"}],"about":[{"href":"https:\/\/creativedesignsrealm.com\/guinot\/wp-json\/wp\/v2\/types\/product"}],"replies":[{"embeddable":true,"href":"https:\/\/creativedesignsrealm.com\/guinot\/wp-json\/wp\/v2\/comments?post=3726"}],"version-history":[{"count":3,"href":"https:\/\/creativedesignsrealm.com\/guinot\/wp-json\/wp\/v2\/product\/3726\/revisions"}],"predecessor-version":[{"id":3729,"href":"https:\/\/creativedesignsrealm.com\/guinot\/wp-json\/wp\/v2\/product\/3726\/revisions\/3729"}],"wp:featuredmedia":[{"embeddable":true,"href":"https:\/\/creativedesignsrealm.com\/guinot\/wp-json\/wp\/v2\/media\/3727"}],"wp:attachment":[{"href":"https:\/\/creativedesignsrealm.com\/guinot\/wp-json\/wp\/v2\/media?parent=3726"}],"wp:term":[{"taxonomy":"product_brand","embeddable":true,"href":"https:\/\/creativedesignsrealm.com\/guinot\/wp-json\/wp\/v2\/product_brand?post=3726"},{"taxonomy":"product_cat","embeddable":true,"href":"https:\/\/creativedesignsrealm.com\/guinot\/wp-json\/wp\/v2\/product_cat?post=3726"},{"taxonomy":"product_tag","embeddable":true,"href":"https:\/\/creativedesignsrealm.com\/guinot\/wp-json\/wp\/v2\/product_tag?post=3726"}],"curies":[{"name":"wp","href":"https:\/\/api.w.org\/{rel}","templated":true}]}}